{"id":255859,"date":"2021-04-26T13:11:06","date_gmt":"2021-04-26T13:11:06","guid":{"rendered":"http:\/\/metsi.g-2.eu\/contact\/"},"modified":"2021-08-16T12:16:17","modified_gmt":"2021-08-16T12:16:17","slug":"yhteystiedot","status":"publish","type":"page","link":"https:\/\/www.metsigroup.com\/fi\/yhteystiedot\/","title":{"rendered":"Yhteystiedot"},"content":{"rendered":"<p>[et_pb_section fb_built=&#8221;1&#8243; fullwidth=&#8221;on&#8221; _builder_version=&#8221;4.9.4&#8243; _module_preset=&#8221;default&#8221;][et_pb_fullwidth_header title=&#8221;Yhteystiedot&#8221; _builder_version=&#8221;4.9.4&#8243; _module_preset=&#8221;default&#8221; title_font=&#8221;|800|||||||&#8221; title_text_align=&#8221;center&#8221; title_font_size=&#8221;60px&#8221; title_line_height=&#8221;70px&#8221; background_image=&#8221;https:\/\/www.metsigroup.com\/wp-content\/uploads\/2021\/04\/contact.png&#8221; min_height=&#8221;450px&#8221;][\/et_pb_fullwidth_header][\/et_pb_section][et_pb_section fb_built=&#8221;1&#8243; _builder_version=&#8221;4.9.4&#8243; _module_preset=&#8221;default&#8221;][et_pb_row column_structure=&#8221;1_2,1_2&#8243; _builder_version=&#8221;4.9.4&#8243; _module_preset=&#8221;default&#8221;][et_pb_column type=&#8221;1_2&#8243; _builder_version=&#8221;4.9.4&#8243; _module_preset=&#8221;default&#8221;][et_pb_text _builder_version=&#8221;4.9.4&#8243; _module_preset=&#8221;default&#8221; text_font=&#8221;|600|||||||&#8221; text_text_color=&#8221;#009cdf&#8221; text_font_size=&#8221;36px&#8221; text_line_height=&#8221;50px&#8221; max_width=&#8221;489px&#8221; text_font_size_tablet=&#8221;&#8221; text_font_size_phone=&#8221;25px&#8221; text_font_size_last_edited=&#8221;on|phone&#8221; text_line_height_tablet=&#8221;&#8221; text_line_height_phone=&#8221;42px&#8221; text_line_height_last_edited=&#8221;on|phone&#8221;]<\/p>\n<p>Kysy lis\u00e4tietoja tai tule kumppaniksi.<\/p>\n<p>[\/et_pb_text][et_pb_image src=&#8221;https:\/\/www.metsigroup.com\/wp-content\/uploads\/2021\/04\/Envelope.png&#8221; title_text=&#8221;Envelope&#8221; _builder_version=&#8221;4.9.4&#8243; _module_preset=&#8221;default&#8221; height=&#8221;93px&#8221; custom_margin=&#8221;||||true|false&#8221; custom_margin_phone=&#8221;30px||30px||true|false&#8221; custom_margin_last_edited=&#8221;off|desktop&#8221;][\/et_pb_image][et_pb_text _builder_version=&#8221;4.9.4&#8243; _module_preset=&#8221;default&#8221; text_font=&#8221;|600|||||||&#8221; text_text_color=&#8221;#009cdf&#8221; text_font_size=&#8221;28px&#8221; text_line_height=&#8221;50px&#8221; max_width_tablet=&#8221;&#8221; max_width_phone=&#8221;&#8221; max_width_last_edited=&#8221;on|desktop&#8221; text_font_size_tablet=&#8221;&#8221; text_font_size_phone=&#8221;20px&#8221; text_font_size_last_edited=&#8221;on|phone&#8221; text_line_height_tablet=&#8221;&#8221; text_line_height_phone=&#8221;42px&#8221; text_line_height_last_edited=&#8221;on|phone&#8221;]<\/p>\n<p><strong>Yleisi\u00e4 kysymyksi\u00e4:<\/strong> metsi@metsi.fi<\/p>\n<p>[\/et_pb_text][et_pb_text _builder_version=&#8221;4.9.4&#8243; _module_preset=&#8221;default&#8221; text_font=&#8221;|600|||||||&#8221; text_text_color=&#8221;#009cdf&#8221; text_font_size=&#8221;28px&#8221; text_line_height=&#8221;50px&#8221; custom_margin=&#8221;34px||34px||true|false&#8221; text_font_size_tablet=&#8221;&#8221; text_font_size_phone=&#8221;20px&#8221; text_font_size_last_edited=&#8221;on|phone&#8221; text_line_height_tablet=&#8221;&#8221; text_line_height_phone=&#8221;42px&#8221; text_line_height_last_edited=&#8221;on|phone&#8221;]<\/p>\n<p><strong>Laskut:<\/strong> invoices@metsi.fi<\/p>\n<p>[\/et_pb_text][et_pb_text _builder_version=&#8221;4.9.4&#8243; _module_preset=&#8221;default&#8221; text_font=&#8221;|600|||||||&#8221; text_text_color=&#8221;#009cdf&#8221; text_font_size=&#8221;28px&#8221; text_line_height=&#8221;50px&#8221; text_font_size_tablet=&#8221;&#8221; text_font_size_phone=&#8221;20px&#8221; text_font_size_last_edited=&#8221;on|phone&#8221; text_line_height_tablet=&#8221;&#8221; text_line_height_phone=&#8221;42px&#8221; text_line_height_last_edited=&#8221;on|phone&#8221;]<\/p>\n<p><strong>Myynti:<\/strong> sales@metsi.fi<\/p>\n<p>[\/et_pb_text][\/et_pb_column][et_pb_column type=&#8221;1_2&#8243; _builder_version=&#8221;4.9.4&#8243; _module_preset=&#8221;default&#8221;][et_pb_contact_form submit_button_text=&#8221;L\u00e4het\u00e4&#8221; _builder_version=&#8221;4.9.10&#8243; _module_preset=&#8221;default&#8221; form_field_background_color=&#8221;#e6e6e6&#8243; form_field_text_color=&#8221;#009cdf&#8221; form_field_focus_text_color=&#8221;#009cdf&#8221; form_field_font=&#8221;|600|||||||&#8221; form_field_font_size=&#8221;25px&#8221; form_field_line_height=&#8221;50px&#8221; custom_button=&#8221;on&#8221; button_text_size=&#8221;25px&#8221; button_text_color=&#8221;#f5f5f5&#8243; button_bg_color=&#8221;rgba(0,156,223,0.7)&#8221; button_border_width=&#8221;0px&#8221; button_border_color=&#8221;rgba(0,156,223,0.7)&#8221; button_font=&#8221;|600|||||||&#8221; button_icon_color=&#8221;#f5f5f5&#8243; button_custom_margin=&#8221;||||false|false&#8221; button_custom_padding=&#8221;9px|43px|9px|43px|true|true&#8221; transform_translate=&#8221;0px|16px&#8221; transform_translate_linked=&#8221;off&#8221; width_tablet=&#8221;&#8221; width_phone=&#8221;&#8221; width_last_edited=&#8221;on|phone&#8221; max_width=&#8221;651px&#8221; height_tablet=&#8221;&#8221; height_phone=&#8221;&#8221; height_last_edited=&#8221;on|desktop&#8221; max_height=&#8221;712px&#8221; max_height_tablet=&#8221;500px&#8221; max_height_phone=&#8221;&#8221; max_height_last_edited=&#8221;on|desktop&#8221; custom_margin=&#8221;||||false|false&#8221; custom_padding=&#8221;|||0px|false|false&#8221; hover_enabled=&#8221;0&#8243; title_font_size_tablet=&#8221;&#8221; title_font_size_phone=&#8221;&#8221; title_font_size_last_edited=&#8221;on|phone&#8221; form_field_font_size_tablet=&#8221;&#8221; form_field_font_size_phone=&#8221;20px&#8221; form_field_font_size_last_edited=&#8221;on|phone&#8221; form_field_line_height_tablet=&#8221;&#8221; form_field_line_height_phone=&#8221;42px&#8221; form_field_line_height_last_edited=&#8221;on|phone&#8221; max_height__hover_enabled=&#8221;off|desktop&#8221; email=&#8221;ville.volanen@metsi.fi&#8221; sticky_enabled=&#8221;0&#8243;][et_pb_contact_field field_id=&#8221;Name&#8221; field_title=&#8221;Nimi&#8221; fullwidth_field=&#8221;on&#8221; _builder_version=&#8221;4.9.4&#8243; custom_margin=&#8221;||||false|false&#8221; button_text_size__hover_enabled=&#8221;off&#8221; button_one_text_size__hover_enabled=&#8221;off&#8221; button_two_text_size__hover_enabled=&#8221;off&#8221; button_text_color__hover_enabled=&#8221;off&#8221; button_one_text_color__hover_enabled=&#8221;off&#8221; button_two_text_color__hover_enabled=&#8221;off&#8221; button_border_width__hover_enabled=&#8221;off&#8221; button_one_border_width__hover_enabled=&#8221;off&#8221; button_two_border_width__hover_enabled=&#8221;off&#8221; button_border_color__hover_enabled=&#8221;off&#8221; button_one_border_color__hover_enabled=&#8221;off&#8221; button_two_border_color__hover_enabled=&#8221;off&#8221; button_border_radius__hover_enabled=&#8221;off&#8221; button_one_border_radius__hover_enabled=&#8221;off&#8221; button_two_border_radius__hover_enabled=&#8221;off&#8221; button_letter_spacing__hover_enabled=&#8221;off&#8221; button_one_letter_spacing__hover_enabled=&#8221;off&#8221; button_two_letter_spacing__hover_enabled=&#8221;off&#8221; button_bg_color__hover_enabled=&#8221;off&#8221; button_one_bg_color__hover_enabled=&#8221;off&#8221; button_two_bg_color__hover_enabled=&#8221;off&#8221;][\/et_pb_contact_field][et_pb_contact_field field_id=&#8221;Email&#8221; field_title=&#8221;S\u00e4hk\u00f6posti&#8221; field_type=&#8221;email&#8221; fullwidth_field=&#8221;on&#8221; _builder_version=&#8221;4.9.4&#8243; custom_margin=&#8221;83px||86px||false|false&#8221; button_text_size__hover_enabled=&#8221;off&#8221; button_one_text_size__hover_enabled=&#8221;off&#8221; button_two_text_size__hover_enabled=&#8221;off&#8221; button_text_color__hover_enabled=&#8221;off&#8221; button_one_text_color__hover_enabled=&#8221;off&#8221; button_two_text_color__hover_enabled=&#8221;off&#8221; button_border_width__hover_enabled=&#8221;off&#8221; button_one_border_width__hover_enabled=&#8221;off&#8221; button_two_border_width__hover_enabled=&#8221;off&#8221; button_border_color__hover_enabled=&#8221;off&#8221; button_one_border_color__hover_enabled=&#8221;off&#8221; button_two_border_color__hover_enabled=&#8221;off&#8221; button_border_radius__hover_enabled=&#8221;off&#8221; button_one_border_radius__hover_enabled=&#8221;off&#8221; button_two_border_radius__hover_enabled=&#8221;off&#8221; button_letter_spacing__hover_enabled=&#8221;off&#8221; button_one_letter_spacing__hover_enabled=&#8221;off&#8221; button_two_letter_spacing__hover_enabled=&#8221;off&#8221; button_bg_color__hover_enabled=&#8221;off&#8221; button_one_bg_color__hover_enabled=&#8221;off&#8221; button_two_bg_color__hover_enabled=&#8221;off&#8221;][\/et_pb_contact_field][et_pb_contact_field field_id=&#8221;Message&#8221; field_title=&#8221;Viesti&#8221; field_type=&#8221;text&#8221; fullwidth_field=&#8221;on&#8221; _builder_version=&#8221;4.9.4&#8243; custom_margin=&#8221;||51px||false|false&#8221; button_text_size__hover_enabled=&#8221;off&#8221; button_one_text_size__hover_enabled=&#8221;off&#8221; button_two_text_size__hover_enabled=&#8221;off&#8221; button_text_color__hover_enabled=&#8221;off&#8221; button_one_text_color__hover_enabled=&#8221;off&#8221; button_two_text_color__hover_enabled=&#8221;off&#8221; button_border_width__hover_enabled=&#8221;off&#8221; button_one_border_width__hover_enabled=&#8221;off&#8221; button_two_border_width__hover_enabled=&#8221;off&#8221; button_border_color__hover_enabled=&#8221;off&#8221; button_one_border_color__hover_enabled=&#8221;off&#8221; button_two_border_color__hover_enabled=&#8221;off&#8221; button_border_radius__hover_enabled=&#8221;off&#8221; button_one_border_radius__hover_enabled=&#8221;off&#8221; button_two_border_radius__hover_enabled=&#8221;off&#8221; button_letter_spacing__hover_enabled=&#8221;off&#8221; button_one_letter_spacing__hover_enabled=&#8221;off&#8221; button_two_letter_spacing__hover_enabled=&#8221;off&#8221; button_bg_color__hover_enabled=&#8221;off&#8221; button_one_bg_color__hover_enabled=&#8221;off&#8221; button_two_bg_color__hover_enabled=&#8221;off&#8221;][\/et_pb_contact_field][\/et_pb_contact_form][\/et_pb_column][\/et_pb_row][et_pb_row column_structure=&#8221;1_2,1_2&#8243; _builder_version=&#8221;4.9.4&#8243; _module_preset=&#8221;default&#8221;][et_pb_column type=&#8221;1_2&#8243; _builder_version=&#8221;4.9.4&#8243; _module_preset=&#8221;default&#8221;][et_pb_text _builder_version=&#8221;4.9.4&#8243; _module_preset=&#8221;default&#8221; text_text_color=&#8221;#009cdf&#8221; text_font_size=&#8221;28px&#8221; text_line_height=&#8221;50px&#8221; max_width=&#8221;621px&#8221; custom_margin=&#8221;||||false|false&#8221; custom_margin_tablet=&#8221;0px||||false|false&#8221; custom_margin_phone=&#8221;0px|||0px|false|false&#8221; custom_margin_last_edited=&#8221;on|tablet&#8221; text_font_size_tablet=&#8221;&#8221; text_font_size_phone=&#8221;20px&#8221; text_font_size_last_edited=&#8221;on|phone&#8221; text_line_height_tablet=&#8221;&#8221; text_line_height_phone=&#8221;42px&#8221; text_line_height_last_edited=&#8221;on|phone&#8221;]<\/p>\n<p><strong>Timo Islander<\/strong><br \/><em>Projektip\u00e4\u00e4llikk\u00f6<\/em><br \/>+358 44 7335 338<br \/>timo.islander@metsi.fi<\/p>\n<p>[\/et_pb_text][\/et_pb_column][et_pb_column type=&#8221;1_2&#8243; _builder_version=&#8221;4.9.4&#8243; _module_preset=&#8221;default&#8221;][et_pb_text _builder_version=&#8221;4.9.4&#8243; _module_preset=&#8221;default&#8221; text_text_color=&#8221;#009cdf&#8221; text_font_size=&#8221;28px&#8221; text_line_height=&#8221;50px&#8221; max_width=&#8221;621px&#8221; custom_margin=&#8221;||||false|false&#8221; custom_margin_tablet=&#8221;0px||||false|false&#8221; custom_margin_phone=&#8221;0px|||0px|false|false&#8221; custom_margin_last_edited=&#8221;on|tablet&#8221; text_font_size_tablet=&#8221;&#8221; text_font_size_phone=&#8221;20px&#8221; text_font_size_last_edited=&#8221;on|phone&#8221; text_line_height_tablet=&#8221;&#8221; text_line_height_phone=&#8221;42px&#8221; text_line_height_last_edited=&#8221;on|phone&#8221;]<\/p>\n<p><strong>Anssi Huhtala<\/strong><br \/><em>Toimitusjohtaja<\/em><br \/>+358 40 0445 548<br \/>anssi.huhtala@metsi.fi<\/p>\n<p>[\/et_pb_text][\/et_pb_column][\/et_pb_row][et_pb_row column_structure=&#8221;1_2,1_2&#8243; _builder_version=&#8221;4.9.4&#8243; _module_preset=&#8221;default&#8221; module_alignment=&#8221;center&#8221; custom_margin=&#8221;55px||55px||false|false&#8221; custom_margin_tablet=&#8221;&#8221; custom_margin_phone=&#8221;0px||0px||false|false&#8221; custom_margin_last_edited=&#8221;on|phone&#8221;][et_pb_column type=&#8221;1_2&#8243; _builder_version=&#8221;4.9.4&#8243; _module_preset=&#8221;default&#8221;][et_pb_blurb image=&#8221;https:\/\/www.metsigroup.com\/wp-content\/uploads\/2021\/04\/Geo_pin.png&#8221; _builder_version=&#8221;4.9.4&#8243; _module_preset=&#8221;default&#8221; header_font_size=&#8221;18px&#8221; body_text_align=&#8221;center&#8221; body_text_color=&#8221;#009cdf&#8221; body_font_size=&#8221;30px&#8221; body_line_height=&#8221;50px&#8221; max_width=&#8221;500px&#8221; module_alignment=&#8221;center&#8221; body_font_size_tablet=&#8221;&#8221; body_font_size_phone=&#8221;20px&#8221; body_font_size_last_edited=&#8221;on|phone&#8221; body_line_height_tablet=&#8221;&#8221; body_line_height_phone=&#8221;42px&#8221; body_line_height_last_edited=&#8221;on|phone&#8221;]<\/p>\n<p><strong>Suomi<\/strong><br \/>Kaaritie 7, 12100 Oitti<br \/>+358 20 7373320<\/p>\n<p>[\/et_pb_blurb][\/et_pb_column][et_pb_column type=&#8221;1_2&#8243; _builder_version=&#8221;4.9.4&#8243; _module_preset=&#8221;default&#8221;][et_pb_blurb image=&#8221;https:\/\/www.metsigroup.com\/wp-content\/uploads\/2021\/04\/Geo_pin.png&#8221; _builder_version=&#8221;4.9.4&#8243; _module_preset=&#8221;default&#8221; body_text_align=&#8221;center&#8221; body_text_color=&#8221;#009cdf&#8221; body_font_size=&#8221;30px&#8221; body_line_height=&#8221;50px&#8221; max_width=&#8221;500px&#8221; module_alignment=&#8221;center&#8221; body_font_size_tablet=&#8221;&#8221; body_font_size_phone=&#8221;20px&#8221; body_font_size_last_edited=&#8221;on|phone&#8221; body_line_height_tablet=&#8221;&#8221; body_line_height_phone=&#8221;42px&#8221; body_line_height_last_edited=&#8221;on|phone&#8221;]<\/p>\n<p><strong>Estonia<\/strong><br \/>Parda 12, 10151 Tallinn<br \/>+372 53 881606<\/p>\n<p>[\/et_pb_blurb][\/et_pb_column][\/et_pb_row][et_pb_row _builder_version=&#8221;4.9.4&#8243; _module_preset=&#8221;default&#8221;][et_pb_column type=&#8221;4_4&#8243; _builder_version=&#8221;4.9.4&#8243; _module_preset=&#8221;default&#8221;][et_pb_image src=&#8221;https:\/\/www.metsigroup.com\/wp-content\/uploads\/2021\/04\/map.png&#8221; title_text=&#8221;map&#8221; align=&#8221;center&#8221; _builder_version=&#8221;4.9.4&#8243; _module_preset=&#8221;default&#8221; max_width=&#8221;882px&#8221; module_alignment=&#8221;center&#8221;][\/et_pb_image][\/et_pb_column][\/et_pb_row][\/et_pb_section]<\/p>\n","protected":false},"excerpt":{"rendered":"<p>Kysy lis\u00e4tietoja tai tule kumppaniksi.Yleisi\u00e4 kysymyksi\u00e4: metsi@metsi.fiLaskut: invoices@metsi.fiMyynti: sales@metsi.fiTimo IslanderProjektip\u00e4\u00e4llikk\u00f6+358 44 7335 338timo.islander@metsi.fiAnssi HuhtalaToimitusjohtaja+358 40 0445 548anssi.huhtala@metsi.fiSuomiKaaritie 7, 12100 Oitti+358 20 7373320EstoniaParda 12, 10151 Tallinn+372 53 881606<\/p>\n","protected":false},"author":1,"featured_media":0,"parent":0,"menu_order":0,"comment_status":"closed","ping_status":"closed","template":"","meta":{"_et_pb_use_builder":"on","_et_pb_old_content":"<!-- wp:divi\/placeholder \/-->","_et_gb_content_width":""},"yoast_head":"<!-- This site is optimized with the Yoast SEO plugin v19.10 - https:\/\/yoast.com\/wordpress\/plugins\/seo\/ -->\n<title>Yhteystiedot - Metsi<\/title>\n<meta name=\"robots\" content=\"index, follow, max-snippet:-1, max-image-preview:large, max-video-preview:-1\" \/>\n<link rel=\"canonical\" href=\"https:\/\/www.metsigroup.com\/fi\/yhteystiedot\/\" \/>\n<meta property=\"og:locale\" content=\"fi_FI\" \/>\n<meta property=\"og:type\" content=\"article\" \/>\n<meta property=\"og:title\" content=\"Yhteystiedot - Metsi\" \/>\n<meta property=\"og:description\" content=\"Kysy lis\u00e4tietoja tai tule kumppaniksi.Yleisi\u00e4 kysymyksi\u00e4: metsi@metsi.fiLaskut: invoices@metsi.fiMyynti: sales@metsi.fiTimo IslanderProjektip\u00e4\u00e4llikk\u00f6+358 44 7335 338timo.islander@metsi.fiAnssi HuhtalaToimitusjohtaja+358 40 0445 548anssi.huhtala@metsi.fiSuomiKaaritie 7, 12100 Oitti+358 20 7373320EstoniaParda 12, 10151 Tallinn+372 53 881606\" \/>\n<meta property=\"og:url\" content=\"https:\/\/www.metsigroup.com\/fi\/yhteystiedot\/\" \/>\n<meta property=\"og:site_name\" content=\"Metsi\" \/>\n<meta property=\"article:modified_time\" content=\"2021-08-16T12:16:17+00:00\" \/>\n<meta name=\"twitter:card\" content=\"summary_large_image\" \/>\n<script type=\"application\/ld+json\" class=\"yoast-schema-graph\">{\"@context\":\"https:\/\/schema.org\",\"@graph\":[{\"@type\":\"WebPage\",\"@id\":\"https:\/\/www.metsigroup.com\/fi\/yhteystiedot\/\",\"url\":\"https:\/\/www.metsigroup.com\/fi\/yhteystiedot\/\",\"name\":\"Yhteystiedot - Metsi\",\"isPartOf\":{\"@id\":\"https:\/\/www.metsigroup.com\/fi\/#website\"},\"datePublished\":\"2021-04-26T13:11:06+00:00\",\"dateModified\":\"2021-08-16T12:16:17+00:00\",\"breadcrumb\":{\"@id\":\"https:\/\/www.metsigroup.com\/fi\/yhteystiedot\/#breadcrumb\"},\"inLanguage\":\"fi\",\"potentialAction\":[{\"@type\":\"ReadAction\",\"target\":[\"https:\/\/www.metsigroup.com\/fi\/yhteystiedot\/\"]}]},{\"@type\":\"BreadcrumbList\",\"@id\":\"https:\/\/www.metsigroup.com\/fi\/yhteystiedot\/#breadcrumb\",\"itemListElement\":[{\"@type\":\"ListItem\",\"position\":1,\"name\":\"Home\",\"item\":\"https:\/\/www.metsigroup.com\/fi\/\"},{\"@type\":\"ListItem\",\"position\":2,\"name\":\"Yhteystiedot\"}]},{\"@type\":\"WebSite\",\"@id\":\"https:\/\/www.metsigroup.com\/fi\/#website\",\"url\":\"https:\/\/www.metsigroup.com\/fi\/\",\"name\":\"Metsi\",\"description\":\"Metsi Group\",\"potentialAction\":[{\"@type\":\"SearchAction\",\"target\":{\"@type\":\"EntryPoint\",\"urlTemplate\":\"https:\/\/www.metsigroup.com\/fi\/?s={search_term_string}\"},\"query-input\":\"required name=search_term_string\"}],\"inLanguage\":\"fi\"}]}<\/script>\n<!-- \/ Yoast SEO plugin. -->","yoast_head_json":{"title":"Yhteystiedot - Metsi","robots":{"index":"index","follow":"follow","max-snippet":"max-snippet:-1","max-image-preview":"max-image-preview:large","max-video-preview":"max-video-preview:-1"},"canonical":"https:\/\/www.metsigroup.com\/fi\/yhteystiedot\/","og_locale":"fi_FI","og_type":"article","og_title":"Yhteystiedot - Metsi","og_description":"Kysy lis\u00e4tietoja tai tule kumppaniksi.Yleisi\u00e4 kysymyksi\u00e4: metsi@metsi.fiLaskut: invoices@metsi.fiMyynti: sales@metsi.fiTimo IslanderProjektip\u00e4\u00e4llikk\u00f6+358 44 7335 338timo.islander@metsi.fiAnssi HuhtalaToimitusjohtaja+358 40 0445 548anssi.huhtala@metsi.fiSuomiKaaritie 7, 12100 Oitti+358 20 7373320EstoniaParda 12, 10151 Tallinn+372 53 881606","og_url":"https:\/\/www.metsigroup.com\/fi\/yhteystiedot\/","og_site_name":"Metsi","article_modified_time":"2021-08-16T12:16:17+00:00","twitter_card":"summary_large_image","schema":{"@context":"https:\/\/schema.org","@graph":[{"@type":"WebPage","@id":"https:\/\/www.metsigroup.com\/fi\/yhteystiedot\/","url":"https:\/\/www.metsigroup.com\/fi\/yhteystiedot\/","name":"Yhteystiedot - Metsi","isPartOf":{"@id":"https:\/\/www.metsigroup.com\/fi\/#website"},"datePublished":"2021-04-26T13:11:06+00:00","dateModified":"2021-08-16T12:16:17+00:00","breadcrumb":{"@id":"https:\/\/www.metsigroup.com\/fi\/yhteystiedot\/#breadcrumb"},"inLanguage":"fi","potentialAction":[{"@type":"ReadAction","target":["https:\/\/www.metsigroup.com\/fi\/yhteystiedot\/"]}]},{"@type":"BreadcrumbList","@id":"https:\/\/www.metsigroup.com\/fi\/yhteystiedot\/#breadcrumb","itemListElement":[{"@type":"ListItem","position":1,"name":"Home","item":"https:\/\/www.metsigroup.com\/fi\/"},{"@type":"ListItem","position":2,"name":"Yhteystiedot"}]},{"@type":"WebSite","@id":"https:\/\/www.metsigroup.com\/fi\/#website","url":"https:\/\/www.metsigroup.com\/fi\/","name":"Metsi","description":"Metsi Group","potentialAction":[{"@type":"SearchAction","target":{"@type":"EntryPoint","urlTemplate":"https:\/\/www.metsigroup.com\/fi\/?s={search_term_string}"},"query-input":"required name=search_term_string"}],"inLanguage":"fi"}]}},"_links":{"self":[{"href":"https:\/\/www.metsigroup.com\/fi\/wp-json\/wp\/v2\/pages\/255859"}],"collection":[{"href":"https:\/\/www.metsigroup.com\/fi\/wp-json\/wp\/v2\/pages"}],"about":[{"href":"https:\/\/www.metsigroup.com\/fi\/wp-json\/wp\/v2\/types\/page"}],"author":[{"embeddable":true,"href":"https:\/\/www.metsigroup.com\/fi\/wp-json\/wp\/v2\/users\/1"}],"replies":[{"embeddable":true,"href":"https:\/\/www.metsigroup.com\/fi\/wp-json\/wp\/v2\/comments?post=255859"}],"version-history":[{"count":8,"href":"https:\/\/www.metsigroup.com\/fi\/wp-json\/wp\/v2\/pages\/255859\/revisions"}],"predecessor-version":[{"id":256497,"href":"https:\/\/www.metsigroup.com\/fi\/wp-json\/wp\/v2\/pages\/255859\/revisions\/256497"}],"wp:attachment":[{"href":"https:\/\/www.metsigroup.com\/fi\/wp-json\/wp\/v2\/media?parent=255859"}],"curies":[{"name":"wp","href":"https:\/\/api.w.org\/{rel}","templated":true}]}}