{"id":255854,"date":"2021-04-26T13:10:29","date_gmt":"2021-04-26T13:10:29","guid":{"rendered":"http:\/\/metsi.g-2.eu\/metsi\/"},"modified":"2022-12-08T13:33:37","modified_gmt":"2022-12-08T13:33:37","slug":"metsi","status":"publish","type":"page","link":"https:\/\/www.metsigroup.com\/fi\/metsi\/","title":{"rendered":"Metsi"},"content":{"rendered":"<p>[et_pb_section fb_built=&#8221;1&#8243; fullwidth=&#8221;on&#8221; _builder_version=&#8221;4.16&#8243; _module_preset=&#8221;default&#8221; global_colors_info=&#8221;{}&#8221;][et_pb_fullwidth_header title=&#8221;Tietoja Metsist\u00e4&#8221; _builder_version=&#8221;4.16&#8243; _module_preset=&#8221;default&#8221; title_font=&#8221;|800|||||||&#8221; title_text_align=&#8221;center&#8221; title_font_size=&#8221;60px&#8221; title_line_height=&#8221;70px&#8221; background_image=&#8221;https:\/\/www.metsigroup.com\/wp-content\/uploads\/2021\/04\/about-metsi.png&#8221; background_position=&#8221;bottom_right&#8221; min_height=&#8221;450px&#8221; custom_margin=&#8221;||||false|false&#8221; global_colors_info=&#8221;{}&#8221;][\/et_pb_fullwidth_header][\/et_pb_section][et_pb_section fb_built=&#8221;1&#8243; _builder_version=&#8221;4.16&#8243; _module_preset=&#8221;default&#8221; global_colors_info=&#8221;{}&#8221;][et_pb_row _builder_version=&#8221;4.16&#8243; _module_preset=&#8221;default&#8221; global_colors_info=&#8221;{}&#8221;][et_pb_column type=&#8221;4_4&#8243; _builder_version=&#8221;4.16&#8243; _module_preset=&#8221;default&#8221; global_colors_info=&#8221;{}&#8221;][et_pb_text _builder_version=&#8221;4.16&#8243; _module_preset=&#8221;default&#8221; text_font=&#8221;|600|||||||&#8221; text_text_color=&#8221;#009cdf&#8221; text_font_size=&#8221;48px&#8221; text_line_height=&#8221;50px&#8221; text_font_size_tablet=&#8221;&#8221; text_font_size_phone=&#8221;35px&#8221; text_font_size_last_edited=&#8221;on|phone&#8221; text_line_height_tablet=&#8221;&#8221; text_line_height_phone=&#8221;42px&#8221; text_line_height_last_edited=&#8221;on|phone&#8221; global_colors_info=&#8221;{}&#8221;]<\/p>\n<p>Metsi<\/p>\n<p>[\/et_pb_text][et_pb_text _builder_version=&#8221;4.19.0&#8243; _module_preset=&#8221;default&#8221; text_font=&#8221;||||||||&#8221; text_text_color=&#8221;#009cdf&#8221; text_font_size=&#8221;30px&#8221; text_line_height=&#8221;55px&#8221; hover_enabled=&#8221;0&#8243; text_font_size_tablet=&#8221;&#8221; text_font_size_phone=&#8221;20px&#8221; text_font_size_last_edited=&#8221;on|phone&#8221; text_line_height_tablet=&#8221;&#8221; text_line_height_phone=&#8221;42px&#8221; text_line_height_last_edited=&#8221;on|phone&#8221; global_colors_info=&#8221;{}&#8221; sticky_enabled=&#8221;0&#8243;]<\/p>\n<p><strong>Metsi Group<\/strong> on kansainv\u00e4linen yritysryhm\u00e4, jolla on tehtaat Suomessa ja Virossa. MetsiGroupin p\u00e4\u00e4- ja myyntikonttori sijaitsee Hausj\u00e4rvell\u00e4, Suomessa. Baltian myynti- ja hankintatoimisto sijaitsee Tallinnan WTC-rakennuksessa sek\u00e4 valmistus Viron maakunnissa.<\/p>\n<p>[\/et_pb_text][\/et_pb_column][\/et_pb_row][et_pb_row column_structure=&#8221;1_4,3_4&#8243; _builder_version=&#8221;4.16&#8243; _module_preset=&#8221;default&#8221; custom_padding=&#8221;||5%||false|false&#8221; global_colors_info=&#8221;{}&#8221;][et_pb_column type=&#8221;1_4&#8243; _builder_version=&#8221;4.16&#8243; _module_preset=&#8221;default&#8221; global_colors_info=&#8221;{}&#8221;][et_pb_image src=&#8221;https:\/\/www.metsigroup.com\/wp-content\/uploads\/2021\/04\/years.jpg&#8221; title_text=&#8221;years&#8221; align=&#8221;right&#8221; disabled_on=&#8221;on|on|off&#8221; _builder_version=&#8221;4.16&#8243; _module_preset=&#8221;default&#8221; min_height=&#8221;500px&#8221; custom_margin=&#8221;20px||||false|false&#8221; global_colors_info=&#8221;{}&#8221;][\/et_pb_image][\/et_pb_column][et_pb_column type=&#8221;3_4&#8243; _builder_version=&#8221;4.16&#8243; _module_preset=&#8221;default&#8221; global_colors_info=&#8221;{}&#8221;][et_pb_text _builder_version=&#8221;4.16&#8243; _module_preset=&#8221;default&#8221; text_font=&#8221;||||||||&#8221; text_text_color=&#8221;#009cdf&#8221; text_font_size=&#8221;28px&#8221; text_line_height=&#8221;50px&#8221; text_font_size_tablet=&#8221;&#8221; text_font_size_phone=&#8221;20px&#8221; text_font_size_last_edited=&#8221;on|phone&#8221; text_line_height_tablet=&#8221;&#8221; text_line_height_phone=&#8221;42px&#8221; text_line_height_last_edited=&#8221;on|phone&#8221; global_colors_info=&#8221;{}&#8221;]<\/p>\n<p>Metsi Oy on perustettu 1968 ja ollut siit\u00e4 l\u00e4htien kehittyv\u00e4, kansainv\u00e4listyv\u00e4 ja kasvava sopimusvalmistusta tarjoava yritys Suomessa.Metsiosakeyhti\u00f6\u00f6n liittyi yritysostojen kautta vuonna 2012 yksi Suomen vanhimmista suunnittelutoimistoista, Mekaaninen Instituutti, jonka juuret ulottuvat aina vuoteen 1841 asti.<\/p>\n<p>Ylpe\u00e4n\u00e4 jatkamme kansainv\u00e4list\u00e4 kasvua, tavoitteenamme on tulla johtavaksi sopimusvalmistusta tarjoavaksi yritykseksi pohjoismaissa vuoteen 2025 menness\u00e4.<\/p>\n<p>[\/et_pb_text][\/et_pb_column][\/et_pb_row][et_pb_row _builder_version=&#8221;4.16&#8243; _module_preset=&#8221;default&#8221; global_colors_info=&#8221;{}&#8221;][et_pb_column type=&#8221;4_4&#8243; _builder_version=&#8221;4.16&#8243; _module_preset=&#8221;default&#8221; global_colors_info=&#8221;{}&#8221;][et_pb_image src=&#8221;https:\/\/www.metsigroup.com\/wp-content\/uploads\/2021\/04\/map.png&#8221; title_text=&#8221;map&#8221; align=&#8221;center&#8221; _builder_version=&#8221;4.16&#8243; _module_preset=&#8221;default&#8221; max_width=&#8221;754px&#8221; max_height=&#8221;543px&#8221; global_colors_info=&#8221;{}&#8221;][\/et_pb_image][\/et_pb_column][\/et_pb_row][\/et_pb_section]<\/p>\n","protected":false},"excerpt":{"rendered":"<p>MetsiMetsi Group on kansainv\u00e4linen yritysryhm\u00e4, jolla on tehtaat Suomessa ja Virossa. MetsiGroupin p\u00e4\u00e4- ja myyntikonttori sijaitsee Hausj\u00e4rvell\u00e4, Suomessa. Baltian myynti- ja hankintatoimisto sijaitsee Tallinnan WTC-rakennuksessa sek\u00e4 valmistus Viron maakunnissa.Metsi Oy on perustettu 1968 ja ollut siit\u00e4 l\u00e4htien kehittyv\u00e4, kansainv\u00e4listyv\u00e4 ja kasvava sopimusvalmistusta tarjoava yritys Suomessa.Metsiosakeyhti\u00f6\u00f6n liittyi yritysostojen kautta vuonna 2012 yksi Suomen vanhimmista suunnittelutoimistoista, Mekaaninen [&hellip;]<\/p>\n","protected":false},"author":1,"featured_media":0,"parent":0,"menu_order":0,"comment_status":"closed","ping_status":"closed","template":"","meta":{"_et_pb_use_builder":"on","_et_pb_old_content":"<!-- wp:divi\/placeholder \/-->","_et_gb_content_width":""},"yoast_head":"<!-- This site is optimized with the Yoast SEO plugin v19.10 - https:\/\/yoast.com\/wordpress\/plugins\/seo\/ -->\n<title>Metsi - Metsi<\/title>\n<meta name=\"robots\" content=\"index, follow, max-snippet:-1, max-image-preview:large, max-video-preview:-1\" \/>\n<link rel=\"canonical\" href=\"https:\/\/www.metsigroup.com\/fi\/metsi\/\" \/>\n<meta property=\"og:locale\" content=\"fi_FI\" \/>\n<meta property=\"og:type\" content=\"article\" \/>\n<meta property=\"og:title\" content=\"Metsi - Metsi\" \/>\n<meta property=\"og:description\" content=\"MetsiMetsi Group on kansainv\u00e4linen yritysryhm\u00e4, jolla on tehtaat Suomessa ja Virossa. MetsiGroupin p\u00e4\u00e4- ja myyntikonttori sijaitsee Hausj\u00e4rvell\u00e4, Suomessa. Baltian myynti- ja hankintatoimisto sijaitsee Tallinnan WTC-rakennuksessa sek\u00e4 valmistus Viron maakunnissa.Metsi Oy on perustettu 1968 ja ollut siit\u00e4 l\u00e4htien kehittyv\u00e4, kansainv\u00e4listyv\u00e4 ja kasvava sopimusvalmistusta tarjoava yritys Suomessa.Metsiosakeyhti\u00f6\u00f6n liittyi yritysostojen kautta vuonna 2012 yksi Suomen vanhimmista suunnittelutoimistoista, Mekaaninen [&hellip;]\" \/>\n<meta property=\"og:url\" content=\"https:\/\/www.metsigroup.com\/fi\/metsi\/\" \/>\n<meta property=\"og:site_name\" content=\"Metsi\" \/>\n<meta property=\"article:modified_time\" content=\"2022-12-08T13:33:37+00:00\" \/>\n<meta name=\"twitter:card\" content=\"summary_large_image\" \/>\n<script type=\"application\/ld+json\" class=\"yoast-schema-graph\">{\"@context\":\"https:\/\/schema.org\",\"@graph\":[{\"@type\":\"WebPage\",\"@id\":\"https:\/\/www.metsigroup.com\/fi\/metsi\/\",\"url\":\"https:\/\/www.metsigroup.com\/fi\/metsi\/\",\"name\":\"Metsi - Metsi\",\"isPartOf\":{\"@id\":\"https:\/\/www.metsigroup.com\/fi\/#website\"},\"datePublished\":\"2021-04-26T13:10:29+00:00\",\"dateModified\":\"2022-12-08T13:33:37+00:00\",\"breadcrumb\":{\"@id\":\"https:\/\/www.metsigroup.com\/fi\/metsi\/#breadcrumb\"},\"inLanguage\":\"fi\",\"potentialAction\":[{\"@type\":\"ReadAction\",\"target\":[\"https:\/\/www.metsigroup.com\/fi\/metsi\/\"]}]},{\"@type\":\"BreadcrumbList\",\"@id\":\"https:\/\/www.metsigroup.com\/fi\/metsi\/#breadcrumb\",\"itemListElement\":[{\"@type\":\"ListItem\",\"position\":1,\"name\":\"Home\",\"item\":\"https:\/\/www.metsigroup.com\/fi\/\"},{\"@type\":\"ListItem\",\"position\":2,\"name\":\"Metsi\"}]},{\"@type\":\"WebSite\",\"@id\":\"https:\/\/www.metsigroup.com\/fi\/#website\",\"url\":\"https:\/\/www.metsigroup.com\/fi\/\",\"name\":\"Metsi\",\"description\":\"Metsi Group\",\"potentialAction\":[{\"@type\":\"SearchAction\",\"target\":{\"@type\":\"EntryPoint\",\"urlTemplate\":\"https:\/\/www.metsigroup.com\/fi\/?s={search_term_string}\"},\"query-input\":\"required name=search_term_string\"}],\"inLanguage\":\"fi\"}]}<\/script>\n<!-- \/ Yoast SEO plugin. -->","yoast_head_json":{"title":"Metsi - Metsi","robots":{"index":"index","follow":"follow","max-snippet":"max-snippet:-1","max-image-preview":"max-image-preview:large","max-video-preview":"max-video-preview:-1"},"canonical":"https:\/\/www.metsigroup.com\/fi\/metsi\/","og_locale":"fi_FI","og_type":"article","og_title":"Metsi - Metsi","og_description":"MetsiMetsi Group on kansainv\u00e4linen yritysryhm\u00e4, jolla on tehtaat Suomessa ja Virossa. MetsiGroupin p\u00e4\u00e4- ja myyntikonttori sijaitsee Hausj\u00e4rvell\u00e4, Suomessa. Baltian myynti- ja hankintatoimisto sijaitsee Tallinnan WTC-rakennuksessa sek\u00e4 valmistus Viron maakunnissa.Metsi Oy on perustettu 1968 ja ollut siit\u00e4 l\u00e4htien kehittyv\u00e4, kansainv\u00e4listyv\u00e4 ja kasvava sopimusvalmistusta tarjoava yritys Suomessa.Metsiosakeyhti\u00f6\u00f6n liittyi yritysostojen kautta vuonna 2012 yksi Suomen vanhimmista suunnittelutoimistoista, Mekaaninen [&hellip;]","og_url":"https:\/\/www.metsigroup.com\/fi\/metsi\/","og_site_name":"Metsi","article_modified_time":"2022-12-08T13:33:37+00:00","twitter_card":"summary_large_image","schema":{"@context":"https:\/\/schema.org","@graph":[{"@type":"WebPage","@id":"https:\/\/www.metsigroup.com\/fi\/metsi\/","url":"https:\/\/www.metsigroup.com\/fi\/metsi\/","name":"Metsi - Metsi","isPartOf":{"@id":"https:\/\/www.metsigroup.com\/fi\/#website"},"datePublished":"2021-04-26T13:10:29+00:00","dateModified":"2022-12-08T13:33:37+00:00","breadcrumb":{"@id":"https:\/\/www.metsigroup.com\/fi\/metsi\/#breadcrumb"},"inLanguage":"fi","potentialAction":[{"@type":"ReadAction","target":["https:\/\/www.metsigroup.com\/fi\/metsi\/"]}]},{"@type":"BreadcrumbList","@id":"https:\/\/www.metsigroup.com\/fi\/metsi\/#breadcrumb","itemListElement":[{"@type":"ListItem","position":1,"name":"Home","item":"https:\/\/www.metsigroup.com\/fi\/"},{"@type":"ListItem","position":2,"name":"Metsi"}]},{"@type":"WebSite","@id":"https:\/\/www.metsigroup.com\/fi\/#website","url":"https:\/\/www.metsigroup.com\/fi\/","name":"Metsi","description":"Metsi Group","potentialAction":[{"@type":"SearchAction","target":{"@type":"EntryPoint","urlTemplate":"https:\/\/www.metsigroup.com\/fi\/?s={search_term_string}"},"query-input":"required name=search_term_string"}],"inLanguage":"fi"}]}},"_links":{"self":[{"href":"https:\/\/www.metsigroup.com\/fi\/wp-json\/wp\/v2\/pages\/255854"}],"collection":[{"href":"https:\/\/www.metsigroup.com\/fi\/wp-json\/wp\/v2\/pages"}],"about":[{"href":"https:\/\/www.metsigroup.com\/fi\/wp-json\/wp\/v2\/types\/page"}],"author":[{"embeddable":true,"href":"https:\/\/www.metsigroup.com\/fi\/wp-json\/wp\/v2\/users\/1"}],"replies":[{"embeddable":true,"href":"https:\/\/www.metsigroup.com\/fi\/wp-json\/wp\/v2\/comments?post=255854"}],"version-history":[{"count":3,"href":"https:\/\/www.metsigroup.com\/fi\/wp-json\/wp\/v2\/pages\/255854\/revisions"}],"predecessor-version":[{"id":257417,"href":"https:\/\/www.metsigroup.com\/fi\/wp-json\/wp\/v2\/pages\/255854\/revisions\/257417"}],"wp:attachment":[{"href":"https:\/\/www.metsigroup.com\/fi\/wp-json\/wp\/v2\/media?parent=255854"}],"curies":[{"name":"wp","href":"https:\/\/api.w.org\/{rel}","templated":true}]}}